{"id":7772,"date":"2021-06-04T07:18:13","date_gmt":"2021-06-04T07:18:13","guid":{"rendered":"https:\/\/gabarain.es\/?page_id=7772"},"modified":"2025-09-18T11:59:32","modified_gmt":"2025-09-18T11:59:32","slug":"empresa","status":"publish","type":"page","link":"https:\/\/gabarain.es\/es\/empresa\/","title":{"rendered":"Empresa"},"content":{"rendered":"<div class=\"wpb-content-wrapper\"><p>[vc_row full_width=&#8221;stretch_row_content_no_spaces&#8221; full_height=&#8221;yes&#8221; content_placement=&#8221;middle&#8221; kd_fixed_background=&#8221;true&#8221; css=&#8221;.vc_custom_1624622556707{background-image: url(https:\/\/gabarain.es\/wp-content\/uploads\/2021\/06\/banner-6.jpg?id=8126) !important;background-position: center !important;background-repeat: no-repeat !important;background-size: cover !important;}&#8221;][vc_column]<header class=\"kd-section-title col-lg-12 text-center  kd-animated fadeIn section-title \" data-animation-delay=200><h1 class=\"separator_off\" style=\"color: #ffffff;font-size: 4em;\">Pasi\u00f3n y perseverancia<\/h1><\/header>[\/vc_column][\/vc_row][vc_row full_width=&#8221;stretch_row_content&#8221; content_placement=&#8221;middle&#8221; css=&#8221;.vc_custom_1622644676376{padding-top: 120px !important;padding-bottom: 20px !important;background-position: center !important;background-repeat: no-repeat !important;background-size: cover !important;}&#8221;][vc_column css=&#8221;.vc_custom_1511789287331{padding-top: 0px !important;}&#8221;][vc_empty_space height=&#8221;30px&#8221;][vc_raw_html]JTNDZGl2JTIwc3R5bGUlM0QlMjJ0ZXh0LWFsaWduJTNBY2VudGVyJTIyJTNFJTNDaWZyYW1lJTIwd2lkdGglM0QlMjI1NjAlMjIlMjBoZWlnaHQlM0QlMjIzMTUlMjIlMjBzcmMlM0QlMjJodHRwcyUzQSUyRiUyRnd3dy55b3V0dWJlLmNvbSUyRmVtYmVkJTJGZzRibnVDR3FqaVklMjIlMjB0aXRsZSUzRCUyMllvdVR1YmUlMjB2aWRlbyUyMHBsYXllciUyMiUyMGZyYW1lYm9yZGVyJTNEJTIyMCUyMiUyMGFsbG93JTNEJTIyYXV0b3BsYXklM0IlMjBjbGlwYm9hcmQtd3JpdGUlM0IlMjBlbmNyeXB0ZWQtbWVkaWElM0IlMjBneXJvc2NvcGUlM0IlMjBwaWN0dXJlLWluLXBpY3R1cmUlMjIlMjBhbGxvd2Z1bGxzY3JlZW4lM0UlM0MlMkZpZnJhbWUlM0UlM0MlMkZkaXYlM0U=[\/vc_raw_html][vc_empty_space height=&#8221;100px&#8221;]<header class=\"kd-section-title col-lg-12 text-center  kd-animated fadeIn  \" data-animation-delay=200><h2 class=\"separator_off\" >Mucho m\u00e1s que un<br \/>\nfabricante de calzado<\/h2><\/header>[vc_empty_space height=&#8221;30px&#8221;][\/vc_column][\/vc_row][vc_row content_placement=&#8221;middle&#8221; css_animation=&#8221;fadeInDown&#8221; css=&#8221;.vc_custom_1622705048133{padding-top: 80px !important;padding-bottom: 80px !important;background-position: center !important;background-repeat: no-repeat !important;background-size: cover !important;}&#8221;][vc_column css=&#8221;.vc_custom_1511789287331{padding-top: 0px !important;}&#8221;]<div class=\"photo-gallery-wrapper enable-transparent-items kd-photo-gallery-69dc74104f127 nav-arrows\">\r\n              <div class=\"gallery-items\"><img loading=\"lazy\" decoding=\"async\" width=\"1500\" height=\"960\" src=\"https:\/\/gabarain.es\/wp-content\/uploads\/2021\/06\/galeria-1-5.jpg\" class=\"attachment-full\" alt=\"\" title=\"galeria-1\" srcset=\"https:\/\/gabarain.es\/wp-content\/uploads\/2021\/06\/galeria-1-5.jpg 1500w, https:\/\/gabarain.es\/wp-content\/uploads\/2021\/06\/galeria-1-5-300x192.jpg 300w, https:\/\/gabarain.es\/wp-content\/uploads\/2021\/06\/galeria-1-5-1024x655.jpg 1024w, https:\/\/gabarain.es\/wp-content\/uploads\/2021\/06\/galeria-1-5-768x492.jpg 768w\" sizes=\"auto, (max-width: 1500px) 100vw, 1500px\" \/><img loading=\"lazy\" decoding=\"async\" width=\"1500\" height=\"960\" src=\"https:\/\/gabarain.es\/wp-content\/uploads\/2021\/06\/galeria-2-5.jpg\" class=\"attachment-full\" alt=\"\" title=\"galeria-2\" srcset=\"https:\/\/gabarain.es\/wp-content\/uploads\/2021\/06\/galeria-2-5.jpg 1500w, https:\/\/gabarain.es\/wp-content\/uploads\/2021\/06\/galeria-2-5-300x192.jpg 300w, https:\/\/gabarain.es\/wp-content\/uploads\/2021\/06\/galeria-2-5-1024x655.jpg 1024w, https:\/\/gabarain.es\/wp-content\/uploads\/2021\/06\/galeria-2-5-768x492.jpg 768w\" sizes=\"auto, (max-width: 1500px) 100vw, 1500px\" \/><img loading=\"lazy\" decoding=\"async\" width=\"1500\" height=\"960\" src=\"https:\/\/gabarain.es\/wp-content\/uploads\/2021\/06\/galeria-3-5.jpg\" class=\"attachment-full\" alt=\"\" title=\"galeria-3\" srcset=\"https:\/\/gabarain.es\/wp-content\/uploads\/2021\/06\/galeria-3-5.jpg 1500w, https:\/\/gabarain.es\/wp-content\/uploads\/2021\/06\/galeria-3-5-300x192.jpg 300w, https:\/\/gabarain.es\/wp-content\/uploads\/2021\/06\/galeria-3-5-1024x655.jpg 1024w, https:\/\/gabarain.es\/wp-content\/uploads\/2021\/06\/galeria-3-5-768x492.jpg 768w\" sizes=\"auto, (max-width: 1500px) 100vw, 1500px\" \/><img loading=\"lazy\" decoding=\"async\" width=\"1500\" height=\"960\" src=\"https:\/\/gabarain.es\/wp-content\/uploads\/2021\/06\/galeria4-2.jpg\" class=\"attachment-full\" alt=\"\" title=\"galeria4\" srcset=\"https:\/\/gabarain.es\/wp-content\/uploads\/2021\/06\/galeria4-2.jpg 1500w, https:\/\/gabarain.es\/wp-content\/uploads\/2021\/06\/galeria4-2-300x192.jpg 300w, https:\/\/gabarain.es\/wp-content\/uploads\/2021\/06\/galeria4-2-1024x655.jpg 1024w, https:\/\/gabarain.es\/wp-content\/uploads\/2021\/06\/galeria4-2-768x492.jpg 768w\" sizes=\"auto, (max-width: 1500px) 100vw, 1500px\" \/><\/div>\r\n            <\/div><script type=\"text\/javascript\">\r\n              jQuery(document).ready(function($){\r\n                if ($(\".kd-photo-gallery-69dc74104f127 .gallery-items\").length) {\r\n                  $(\".kd-photo-gallery-69dc74104f127 .gallery-items\").owlCarousel({\r\n                    stageClass: \"owl-wrapper\",\r\n                    stageOuterClass: \"owl-wrapper-outer\",\r\n                    loadedClass: \"owl-carousel\",\r\n                    items: 1,\r\n                    rewind: true,responsive:{\r\n                        0:{\r\n                            dots: false,\r\n                            nav: true,\r\n                            navSpeed: 500,\r\n                        },\r\n                        1366:{\nnav: true,\r\n                              navSpeed: 500,\r\n                              dots: false,}\r\n                    },\nautoplay: false,\nautoplayHoverPause: false,\r\n                    addClassActive: true,\r\n                  });\r\n                }\r\n              });\r\n            <\/script>[\/vc_column][\/vc_row][vc_row content_placement=&#8221;middle&#8221; parallax=&#8221;content-moving&#8221; css=&#8221;.vc_custom_1622634266631{margin-bottom: 75px !important;background-position: center;background-repeat: no-repeat;background-size:cover !important;}&#8221;][vc_column][vc_empty_space height=&#8221;20px&#8221;][vc_row_inner][vc_column_inner width=&#8221;1\/2&#8243;]<header class=\"kd-section-title col-lg-12 text-left  kd-animated fadeIn  \" data-animation-delay=200><h2 class=\"separator_off\" >La cultura de la pasi\u00f3n<br \/>\ny la perseverancia<\/h2><\/header>[\/vc_column_inner][vc_column_inner width=&#8221;1\/2&#8243;][\/vc_column_inner][\/vc_row_inner][vc_empty_space height=&#8221;20px&#8221;][vc_row_inner][vc_column_inner width=&#8221;4\/12&#8243;][vc_column_text]<\/p>\n<p style=\"font-size: 1.2em;\">Durante <strong>m\u00e1s de 30 a\u00f1os<\/strong> hemos trabajado junto a las mejores firmas con el fin de aportar el saber hacer artesanal que caracteriza a los mejores maestros zapateros de nuestra regi\u00f3n. Nuestras instalaciones en <strong>Elche, Espa\u00f1a<\/strong> integran con perfecci\u00f3n y fidelidad t\u00e9cnicas <strong>artesanales y tradicionales<\/strong> con la m\u00e1s alta <strong>tecnolog\u00eda e innovaci\u00f3n<\/strong>. La combinaci\u00f3n de una amplia experiencia en el sector junto a una plantilla joven y profesionalizada han logrado satisfacer las necesidades de una clientela de indiscutible excelencia.<\/p>\n<p>[\/vc_column_text][\/vc_column_inner][vc_column_inner width=&#8221;1\/12&#8243;][\/vc_column_inner][vc_column_inner width=&#8221;6\/12&#8243;][vc_column_text]<\/p>\n<p style=\"font-size: 1.2em;\"><strong><b>La pasi\u00f3n se vive por dentro<\/b><span style=\"font-weight: 400;\">, en Gabarain trabajamos con el coraz\u00f3n tanto como con la cabeza. <\/span><b>Trabajamos de manera inteligente y pasional<\/b><span style=\"font-weight: 400;\">, prestando atenci\u00f3n a los peque\u00f1os detalles, trabajando con entusiasmo para alcanzar objetivos m\u00e1s ambiciosos y garantizar la satisfacci\u00f3n del cliente.<\/span><\/strong><\/p>\n<p style=\"font-size: 1.2em;\">Gabarain es un apellido espa\u00f1ol, cuyo significado &#8221;<strong>La cima de la alta ribera<\/strong>&#8221; representa la perseverancia y el inconformismo de un conjunto de profesionales que innova d\u00eda a d\u00eda para conseguir materiales m\u00e1s sostenibles, mejores acabados y materias primas de m\u00e1xima calidad.<\/p>\n<p>[\/vc_column_text][\/vc_column_inner][vc_column_inner width=&#8221;1\/12&#8243;][\/vc_column_inner][\/vc_row_inner][vc_empty_space height=&#8221;40px&#8221;][\/vc_column][\/vc_row][vc_row full_width=&#8221;stretch_row_content_no_spaces&#8221; content_placement=&#8221;middle&#8221; kd_image_overlay_color=&#8221;rgba(10,6,6,0.18)&#8221; kd_fixed_background=&#8221;true&#8221; kd_image_overlay=&#8221;true&#8221; css=&#8221;.vc_custom_1624955110206{margin-bottom: 90px !important;padding-top: 150px !important;padding-bottom: 150px !important;background-image: url(https:\/\/gabarain.es\/wp-content\/uploads\/2021\/06\/1461313778.jpg?id=7787) !important;background-position: center !important;background-repeat: no-repeat !important;background-size: cover !important;}&#8221;][vc_column css=&#8221;.vc_custom_1511789287331{padding-top: 0px !important;}&#8221;][vc_row_inner][vc_column_inner width=&#8221;1\/6&#8243;][\/vc_column_inner][vc_column_inner width=&#8221;2\/3&#8243;][vc_column_text]<\/p>\n<p style=\"text-align: center; font-size: 1.4em; font-weight: bold; color: #ffffff;\"><span style=\"color: #ffffff;\">Gabarain es un apellido que ha acompa\u00f1ado a grandes luchadores, como Lourdes Gabarain que con 19 a\u00f1os en 1977 fue la primera mujer espa\u00f1ola en disputar un marat\u00f3n. Cre\u00eda y amaba este deporte tanto como nosotros amamos y creemos en el arte del calzado.<br \/>\n<\/span><\/p>\n<p>[\/vc_column_text][\/vc_column_inner][vc_column_inner width=&#8221;1\/6&#8243;][\/vc_column_inner][\/vc_row_inner][\/vc_column][\/vc_row][vc_row content_placement=&#8221;middle&#8221; parallax=&#8221;content-moving&#8221; css_animation=&#8221;fadeInLeft&#8221; css=&#8221;.vc_custom_1622705086133{background-position: center;background-repeat: no-repeat !important;background-size: cover !important;}&#8221;][vc_column][vc_separator border_width=&#8221;2&#8243;][vc_empty_space height=&#8221;15px&#8221;]<header class=\"kd-section-title col-lg-12 text-center    \" ><h2 class=\"separator_off\" >''Nuestro objetivo es que tus dise\u00f1os alcancen la m\u00e1s alta cima de la ribera de la moda.''<\/h2><h6 class=\"subtitle \" >M\u00aa Elena (COO)<\/h6><\/header>[vc_separator border_width=&#8221;2&#8243;][\/vc_column][\/vc_row][vc_row content_placement=&#8221;middle&#8221; parallax=&#8221;content-moving&#8221; css_animation=&#8221;fadeInLeft&#8221; css=&#8221;.vc_custom_1622705086133{background-position: center;background-repeat: no-repeat;background-size: cover !important;}&#8221;][vc_column][vc_empty_space height=&#8221;80px&#8221;][vc_row_inner][vc_column_inner width=&#8221;1\/12&#8243;][\/vc_column_inner][vc_column_inner width=&#8221;10\/12&#8243;]<header class=\"kd-section-title col-lg-12 text-center  kd-animated fadeIn  \" data-animation-delay=200><h2 class=\"separator_off\" style=\"color: #000000;line-height: 100%;\">Nuestros valores<\/h2><h6 class=\"subtitle \" style=\"color: #000000;font-size: 1.8;\">Autenticidad, Artesan\u00eda y Ambici\u00f3n son las cimas en las que Gabarain se establece como empresa, tal es la importancia de estos valores para nuestra empresa que se ven representados en nuestro logotipo en cada una de las ''A'' que lo conforman.<\/h6><\/header>[\/vc_column_inner][vc_column_inner width=&#8221;1\/12&#8243;][\/vc_column_inner][\/vc_row_inner][\/vc_column][\/vc_row][vc_row content_placement=&#8221;middle&#8221; parallax=&#8221;content-moving&#8221; css=&#8221;.vc_custom_1622714036391{padding-top: 75px !important;background-position: center;background-repeat: no-repeat !important;background-size: cover !important;}&#8221;][vc_column offset=&#8221;vc_hidden-lg vc_hidden-md vc_hidden-sm&#8221;][vc_empty_space height=&#8221;20px&#8221;][\/vc_column][\/vc_row][vc_row full_width=&#8221;stretch_row&#8221; content_placement=&#8221;middle&#8221; parallax=&#8221;content-moving&#8221; css=&#8221;.vc_custom_1624443594770{padding-top: 300px !important;padding-bottom: 300px !important;background-image: url(https:\/\/gabarain.es\/wp-content\/uploads\/2021\/06\/AUTHENTICITY.gif?id=8063) !important;background-position: center;background-repeat: no-repeat !important;background-size: contain !important;}&#8221;][vc_column][vc_row_inner content_placement=&#8221;middle&#8221;][vc_column_inner width=&#8221;1\/12&#8243;][\/vc_column_inner][vc_column_inner width=&#8221;10\/12&#8243;]<header class=\"kd-section-title col-lg-12 text-center  kd-animated fadeIn  \" data-animation-delay=200><h2 class=\"separator_off\" style=\"color: #ffffff;line-height: 100%;\">Gabarain es AUTENTICIDAD<\/h2><\/header>[vc_column_text]<\/p>\n<p style=\"text-align: center; font-size: 1.8em; line-height: 100%;\"><span style=\"color: #ffffff;\">Calzado elaborado con los materiales de m\u00e1s alta calidad por los mejores profesionales de la cuna del calzado. Aut\u00e9nticos artesanos Made in Spain.<\/span><\/p>\n<p>[\/vc_column_text][\/vc_column_inner][vc_column_inner width=&#8221;1\/12&#8243;][\/vc_column_inner][\/vc_row_inner][\/vc_column][\/vc_row][vc_row full_width=&#8221;stretch_row&#8221; content_placement=&#8221;middle&#8221; parallax=&#8221;content-moving&#8221; css=&#8221;.vc_custom_1624443619543{padding-top: 300px !important;padding-bottom: 300px !important;background-image: url(https:\/\/gabarain.es\/wp-content\/uploads\/2021\/06\/CRAFTSMANSHIP.gif?id=8065) !important;background-position: center;background-repeat: no-repeat !important;background-size: contain !important;}&#8221;][vc_column][vc_row_inner content_placement=&#8221;middle&#8221;][vc_column_inner width=&#8221;1\/12&#8243;][\/vc_column_inner][vc_column_inner width=&#8221;10\/12&#8243;]<header class=\"kd-section-title col-lg-12 text-center  kd-animated fadeIn  \" data-animation-delay=200><h2 class=\"separator_off\" style=\"color: #ffffff;line-height: 100%;\">Gabarain es ARTESAN\u00cdA<\/h2><\/header>[vc_column_text]<\/p>\n<p style=\"text-align: center; font-size: 1.8em; line-height: 100%;\"><span style=\"color: #ffffff;\">Nuestros profesionales cuentan con m\u00e1s de 30 a\u00f1os de experiencia. La perfecci\u00f3n es el resultado de su trabajo.<br \/>\n<\/span><\/p>\n<p>[\/vc_column_text][\/vc_column_inner][vc_column_inner width=&#8221;1\/12&#8243;][\/vc_column_inner][\/vc_row_inner][\/vc_column][\/vc_row][vc_row full_width=&#8221;stretch_row&#8221; content_placement=&#8221;middle&#8221; parallax=&#8221;content-moving&#8221; css=&#8221;.vc_custom_1624954740838{margin-bottom: 0px !important;border-bottom-width: 0px !important;padding-top: 300px !important;padding-bottom: 300px !important;background-image: url(https:\/\/gabarain.es\/wp-content\/uploads\/2021\/06\/AMBITION.gif?id=8078) !important;background-position: center;background-repeat: no-repeat !important;background-size: contain !important;}&#8221;][vc_column][vc_row_inner content_placement=&#8221;middle&#8221;][vc_column_inner width=&#8221;1\/12&#8243;][\/vc_column_inner][vc_column_inner width=&#8221;10\/12&#8243;]<header class=\"kd-section-title col-lg-12 text-center  kd-animated fadeIn  \" data-animation-delay=200><h2 class=\"separator_off\" style=\"color: #ffffff;line-height: 100%;\">Gabarain es AMBICI\u00d3N<\/h2><\/header>[vc_column_text]<\/p>\n<p style=\"text-align: center; font-size: 1.8em; line-height: 100%;\"><span style=\"color: #ffffff;\">Trabajamos junto a los mejores proveedores para aportar innovaciones al saber hacer que durante a\u00f1os ha caracterizado nuestro trabajo.<br \/>\n<\/span><\/p>\n<p>[\/vc_column_text][\/vc_column_inner][vc_column_inner width=&#8221;1\/12&#8243;][\/vc_column_inner][\/vc_row_inner][\/vc_column][\/vc_row]<\/p>\n<\/div>","protected":false},"excerpt":{"rendered":"<p>[vc_row full_width=&#8221;stretch_row_content_no_spaces&#8221; full_height=&#8221;yes&#8221; content_placement=&#8221;middle&#8221; kd_fixed_background=&#8221;true&#8221; css=&#8221;.vc_custom_1624622556707{background-image: url(https:\/\/gabarain.es\/wp-content\/uploads\/2021\/06\/banner-6.jpg?id=8126) !important;background-position: center !important;background-repeat: no-repeat !important;background-size: cover !important;}&#8221;][vc_column][\/vc_column][\/vc_row][vc_row full_width=&#8221;stretch_row_content&#8221; content_placement=&#8221;middle&#8221; css=&#8221;.vc_custom_1622644676376{padding-top: 120px !important;padding-bottom: 20px [&hellip;]<\/p>\n","protected":false},"author":1,"featured_media":0,"parent":0,"menu_order":0,"comment_status":"closed","ping_status":"closed","template":"","meta":{"_monsterinsights_skip_tracking":false,"_monsterinsights_sitenote_active":false,"_monsterinsights_sitenote_note":"","_monsterinsights_sitenote_category":0,"footnotes":""},"class_list":["post-7772","page","type-page","status-publish","hentry"],"aioseo_notices":[],"_links":{"self":[{"href":"https:\/\/gabarain.es\/es\/wp-json\/wp\/v2\/pages\/7772","targetHints":{"allow":["GET"]}}],"collection":[{"href":"https:\/\/gabarain.es\/es\/wp-json\/wp\/v2\/pages"}],"about":[{"href":"https:\/\/gabarain.es\/es\/wp-json\/wp\/v2\/types\/page"}],"author":[{"embeddable":true,"href":"https:\/\/gabarain.es\/es\/wp-json\/wp\/v2\/users\/1"}],"replies":[{"embeddable":true,"href":"https:\/\/gabarain.es\/es\/wp-json\/wp\/v2\/comments?post=7772"}],"version-history":[{"count":30,"href":"https:\/\/gabarain.es\/es\/wp-json\/wp\/v2\/pages\/7772\/revisions"}],"predecessor-version":[{"id":8998,"href":"https:\/\/gabarain.es\/es\/wp-json\/wp\/v2\/pages\/7772\/revisions\/8998"}],"wp:attachment":[{"href":"https:\/\/gabarain.es\/es\/wp-json\/wp\/v2\/media?parent=7772"}],"curies":[{"name":"wp","href":"https:\/\/api.w.org\/{rel}","templated":true}]}}