{"id":7802,"date":"2021-06-04T07:50:19","date_gmt":"2021-06-04T07:50:19","guid":{"rendered":"https:\/\/gabarain.es\/?page_id=7802"},"modified":"2025-09-22T08:13:37","modified_gmt":"2025-09-22T08:13:37","slug":"sostenibilidad","status":"publish","type":"page","link":"https:\/\/gabarain.es\/es\/sostenibilidad\/","title":{"rendered":"Sostenibilidad"},"content":{"rendered":"<div class=\"wpb-content-wrapper\"><p>[vc_row full_width=&#8221;stretch_row_content_no_spaces&#8221; content_placement=&#8221;middle&#8221; parallax=&#8221;content-moving&#8221; css=&#8221;.vc_custom_1624444876034{padding-top: 290px !important;padding-bottom: 160px !important;background-image: url(https:\/\/gabarain.es\/wp-content\/uploads\/2021\/06\/banner-7.gif?id=8088) !important;}&#8221;][vc_column][vc_row_inner][vc_column_inner width=&#8221;1\/12&#8243;][\/vc_column_inner][vc_column_inner width=&#8221;10\/12&#8243;]<header class=\"kd-section-title col-lg-12 text-center  kd-animated fadeIn section-title \" data-animation-delay=200><h1 class=\"separator_off\" style=\"color: #ffffff;font-size: 4em;line-height: 100%;\">''Queremos reducir la huella de carbono de nuestro calzado.''<\/h1><h6 class=\"subtitle \" style=\"color: #ffffff;\">M\u00aa Elena (COO)<\/h6><\/header>[\/vc_column_inner][vc_column_inner width=&#8221;1\/12&#8243;][\/vc_column_inner][\/vc_row_inner][\/vc_column][\/vc_row][vc_row content_placement=&#8221;middle&#8221; css=&#8221;.vc_custom_1622647150265{padding-top: 50px !important;padding-bottom: 40px !important;background-position: center !important;background-repeat: no-repeat !important;background-size: cover !important;}&#8221;][vc_column css=&#8221;.vc_custom_1511789287331{padding-top: 0px !important;}&#8221;][vc_empty_space height=&#8221;15px&#8221;][\/vc_column][\/vc_row][vc_row content_placement=&#8221;middle&#8221; css=&#8221;.vc_custom_1622729130599{padding-top: 50px !important;padding-bottom: 20px !important;background-position: center !important;background-repeat: no-repeat !important;background-size: cover !important;}&#8221;][vc_column width=&#8221;1\/2&#8243; css=&#8221;.vc_custom_1511789287331{padding-top: 0px !important;}&#8221;][vc_column_text css_animation=&#8221;fadeInLeft&#8221;]<\/p>\n<p style=\"text-align: center; font-size: 1.2em;\">Comprendemos la <strong>ecolog\u00eda<\/strong> como un proceso extenso, especialmente en la multifac\u00e9tica industria de la fabricaci\u00f3n de calzado. Sin embargo, estamos completamente comprometidos con <strong>un futuro m\u00e1s sostenible<\/strong>. Para <strong>reducir nuestro impacto medioambiental y hacer realidad nuestros objetivos ecol\u00f3gicos<\/strong> nos encontramos inmersos en un proceso de investigaci\u00f3n y desarrollo de alternativas ecol\u00f3gicas. Ya hemos dado pasos integrales junto a algunos de nuestros mejores proveedores para garantizar nuestro compromiso a largo plazo, convertirnos en una empresa con conciencia ecol\u00f3gica.<\/p>\n<p>[\/vc_column_text][\/vc_column][vc_column width=&#8221;1\/2&#8243;][vc_column_text css_animation=&#8221;fadeInRight&#8221;]<\/p>\n<p style=\"text-align: center; font-size: 1.2em;\"><strong>Este es solo el inicio<\/strong> de una gran transici\u00f3n hacia la sostenibilidad. Desde las materias primas, nuestras instalaciones, los centros de distribuci\u00f3n y las oficinas.<\/p>\n<p style=\"text-align: center; font-size: 1.2em;\">Estamos estudiando detenidamente todos los aspectos de nuestra cadena de suministro para identificar las \u00e1reas que se pueden mejorar.<br \/>\nEstamos comprometidos con el establecimiento y el cumplimiento de objetivos concretos. En Gabarain estamos decididos a reducir nuestro impacto en el medio ambiente y, en \u00faltima instancia, a alcanzar nuestro <strong>objetivo de producir zapatos que dejen la menor huella de carbono posible.<\/strong><\/p>\n<p>[\/vc_column_text][\/vc_column][\/vc_row][vc_row full_width=&#8221;stretch_row_content_no_spaces&#8221; css_animation=&#8221;fadeInUp&#8221; css=&#8221;.vc_custom_1622705221514{padding-top: 100px !important;padding-bottom: 100px !important;}&#8221;][vc_column width=&#8221;3\/12&#8243; offset=&#8221;vc_hidden-sm&#8221;][\/vc_column][vc_column width=&#8221;6\/12&#8243; offset=&#8221;vc_hidden-sm&#8221;][vc_row_inner][vc_column_inner width=&#8221;1\/4&#8243;][vc_single_image image=&#8221;7960&#8243; img_size=&#8221;130&#215;130&#8243; alignment=&#8221;center&#8221;][vc_empty_space height=&#8221;10px&#8221;][vc_column_text]<\/p>\n<p style=\"text-align: center;\"><strong>MATERIAS PRIMAS<\/strong><\/p>\n<p>[\/vc_column_text][\/vc_column_inner][vc_column_inner width=&#8221;1\/4&#8243;][vc_single_image image=&#8221;7962&#8243; img_size=&#8221;130&#215;130&#8243; alignment=&#8221;center&#8221;][vc_empty_space height=&#8221;10px&#8221;][vc_column_text]<\/p>\n<p style=\"text-align: center;\"><strong>INSTALACIONES<\/strong><\/p>\n<p>[\/vc_column_text][\/vc_column_inner][vc_column_inner width=&#8221;1\/4&#8243;][vc_single_image image=&#8221;7964&#8243; img_size=&#8221;130&#215;130&#8243; alignment=&#8221;center&#8221;][vc_empty_space height=&#8221;10px&#8221;][vc_column_text]<\/p>\n<p style=\"text-align: center;\"><strong>FABRICACI\u00d3N<\/strong><\/p>\n<p>[\/vc_column_text][\/vc_column_inner][vc_column_inner width=&#8221;1\/4&#8243;][vc_single_image image=&#8221;7966&#8243; img_size=&#8221;130&#215;130&#8243; alignment=&#8221;center&#8221;][vc_empty_space height=&#8221;10px&#8221;][vc_column_text]<\/p>\n<p style=\"text-align: center;\"><strong>CENTROS DE DISTRIBUCI\u00d3N<\/strong><\/p>\n<p>[\/vc_column_text][\/vc_column_inner][\/vc_row_inner][\/vc_column][vc_column width=&#8221;3\/12&#8243; offset=&#8221;vc_hidden-sm&#8221;][\/vc_column][\/vc_row][vc_row full_width=&#8221;stretch_row_content_no_spaces&#8221; css_animation=&#8221;fadeInUp&#8221; css=&#8221;.vc_custom_1622729163121{padding-bottom: 100px !important;}&#8221;][vc_column offset=&#8221;vc_hidden-lg vc_hidden-md vc_hidden-xs&#8221;][vc_row_inner][vc_column_inner width=&#8221;1\/4&#8243;][vc_single_image image=&#8221;7960&#8243; alignment=&#8221;center&#8221;][vc_empty_space height=&#8221;10px&#8221;][vc_column_text]<\/p>\n<p style=\"text-align: center;\"><strong>MATERIAS PRIMAS<\/strong><\/p>\n<p>[\/vc_column_text][\/vc_column_inner][vc_column_inner width=&#8221;1\/4&#8243;][vc_single_image image=&#8221;7962&#8243; alignment=&#8221;center&#8221;][vc_empty_space height=&#8221;10px&#8221;][vc_column_text]<\/p>\n<p style=\"text-align: center;\"><strong>INSTALACIONES<\/strong><\/p>\n<p>[\/vc_column_text][\/vc_column_inner][vc_column_inner width=&#8221;1\/4&#8243;][vc_single_image image=&#8221;7964&#8243; alignment=&#8221;center&#8221;][vc_empty_space height=&#8221;10px&#8221;][vc_column_text]<\/p>\n<p style=\"text-align: center;\"><strong>FABRICACI\u00d3N<\/strong><\/p>\n<p>[\/vc_column_text][\/vc_column_inner][vc_column_inner width=&#8221;1\/4&#8243;][vc_single_image image=&#8221;7966&#8243; alignment=&#8221;center&#8221;][vc_empty_space height=&#8221;10px&#8221;][vc_column_text]<\/p>\n<p style=\"text-align: center;\"><strong>CENTROS DE DISTRIBUCI\u00d3N<\/strong><\/p>\n<p>[\/vc_column_text][\/vc_column_inner][\/vc_row_inner][\/vc_column][\/vc_row][vc_row full_width=&#8221;stretch_row_content_no_spaces&#8221; css=&#8221;.vc_custom_1622648073335{padding-top: 80px !important;padding-bottom: 100px !important;}&#8221;][vc_column]<header class=\"kd-section-title col-lg-12 text-center  kd-animated fadeIn  \" data-animation-delay=200><h2 class=\"separator_off\" style=\"font-size: 2.7em;line-height: 100%;\">\u00bfQuieres crear tu propia l\u00ednea de calzado?<\/h2><\/header><a  href=\"\/contacto\/\"  target=\"_self\"  title=\"\" class=\"tt_button tt_primary_button btn_primary_color  button-center button-action-link\" ><span class=\"prim_text\">Cont\u00e1ctanos<\/span><\/a>[\/vc_column][\/vc_row]<\/p>\n<\/div>","protected":false},"excerpt":{"rendered":"<p>[vc_row full_width=&#8221;stretch_row_content_no_spaces&#8221; content_placement=&#8221;middle&#8221; parallax=&#8221;content-moving&#8221; css=&#8221;.vc_custom_1624444876034{padding-top: 290px !important;padding-bottom: 160px !important;background-image: url(https:\/\/gabarain.es\/wp-content\/uploads\/2021\/06\/banner-7.gif?id=8088) !important;}&#8221;][vc_column][vc_row_inner][vc_column_inner width=&#8221;1\/12&#8243;][\/vc_column_inner][vc_column_inner width=&#8221;10\/12&#8243;][\/vc_column_inner][vc_column_inner width=&#8221;1\/12&#8243;][\/vc_column_inner][\/vc_row_inner][\/vc_column][\/vc_row][vc_row content_placement=&#8221;middle&#8221; css=&#8221;.vc_custom_1622647150265{padding-top: 50px !important;padding-bottom: 40px !important;background-position: [&hellip;]<\/p>\n","protected":false},"author":1,"featured_media":0,"parent":0,"menu_order":0,"comment_status":"closed","ping_status":"closed","template":"","meta":{"_monsterinsights_skip_tracking":false,"_monsterinsights_sitenote_active":false,"_monsterinsights_sitenote_note":"","_monsterinsights_sitenote_category":0,"footnotes":""},"class_list":["post-7802","page","type-page","status-publish","hentry"],"aioseo_notices":[],"_links":{"self":[{"href":"https:\/\/gabarain.es\/es\/wp-json\/wp\/v2\/pages\/7802","targetHints":{"allow":["GET"]}}],"collection":[{"href":"https:\/\/gabarain.es\/es\/wp-json\/wp\/v2\/pages"}],"about":[{"href":"https:\/\/gabarain.es\/es\/wp-json\/wp\/v2\/types\/page"}],"author":[{"embeddable":true,"href":"https:\/\/gabarain.es\/es\/wp-json\/wp\/v2\/users\/1"}],"replies":[{"embeddable":true,"href":"https:\/\/gabarain.es\/es\/wp-json\/wp\/v2\/comments?post=7802"}],"version-history":[{"count":12,"href":"https:\/\/gabarain.es\/es\/wp-json\/wp\/v2\/pages\/7802\/revisions"}],"predecessor-version":[{"id":9006,"href":"https:\/\/gabarain.es\/es\/wp-json\/wp\/v2\/pages\/7802\/revisions\/9006"}],"wp:attachment":[{"href":"https:\/\/gabarain.es\/es\/wp-json\/wp\/v2\/media?parent=7802"}],"curies":[{"name":"wp","href":"https:\/\/api.w.org\/{rel}","templated":true}]}}