{"id":7812,"date":"2021-06-04T07:55:46","date_gmt":"2021-06-04T07:55:46","guid":{"rendered":"https:\/\/gabarain.es\/?page_id=7812"},"modified":"2025-09-22T07:03:28","modified_gmt":"2025-09-22T07:03:28","slug":"fabricacion","status":"publish","type":"page","link":"https:\/\/gabarain.es\/es\/fabricacion\/","title":{"rendered":"Fabricaci\u00f3n"},"content":{"rendered":"<div class=\"wpb-content-wrapper\"><p>[vc_row full_width=&#8221;stretch_row&#8221; full_height=&#8221;yes&#8221; content_placement=&#8221;middle&#8221; parallax=&#8221;content-moving&#8221; css=&#8221;.vc_custom_1624445900348{background-image: url(https:\/\/gabarain.es\/wp-content\/uploads\/2021\/06\/banner-8.gif?id=8092) !important;background-position: center;background-repeat: no-repeat !important;background-size: contain !important;}&#8221;][vc_column][vc_row_inner][vc_column_inner]<header class=\"kd-section-title col-lg-12 text-center  kd-animated fadeIn section-title \" data-animation-delay=200><h1 class=\"separator_off\" style=\"color: #ffffff;font-size: 5em;line-height: 100%;\">Nuestro proceso de<br \/>\nfabricaci\u00f3n<\/h1><\/header>[\/vc_column_inner][\/vc_row_inner][\/vc_column][\/vc_row][vc_row content_placement=&#8221;middle&#8221; parallax=&#8221;content-moving&#8221; css=&#8221;.vc_custom_1622634373226{background-position: center;background-repeat: no-repeat;background-size: cover !important;}&#8221;][vc_column][vc_empty_space height=&#8221;80px&#8221;][\/vc_column][\/vc_row][vc_row content_placement=&#8221;middle&#8221; parallax=&#8221;content-moving&#8221; css=&#8221;.vc_custom_1622634373226{background-position: center;background-repeat: no-repeat;background-size: cover !important;}&#8221;][vc_column][vc_row_inner][vc_column_inner width=&#8221;1\/4&#8243;][\/vc_column_inner][vc_column_inner width=&#8221;1\/2&#8243;]<header class=\"kd-section-title col-lg-12 text-center  kd-animated fadeInDown  \" data-animation-delay=200><h2 class=\"separator_off\" style=\"color: #000000;font-size: 4em;line-height: 100%;\">Fabricaci\u00f3n Made in Spain<\/h2><\/header>[\/vc_column_inner][vc_column_inner width=&#8221;1\/4&#8243;][\/vc_column_inner][\/vc_row_inner][vc_row_inner][vc_column_inner width=&#8221;1\/6&#8243;][\/vc_column_inner][vc_column_inner width=&#8221;2\/3&#8243;]<header class=\"kd-section-title col-lg-12 text-center  kd-animated fadeInUp  \" data-animation-delay=200><h6 class=\"subtitle \" style=\"color: #000000;font-size: 1.5em;\">Calzado elaborado con los materiales de m\u00e1s alta calidad por los mejores profesionales de la cuna del calzado. Aut\u00e9nticos artesanos Made in Spain.<\/h6><\/header>[\/vc_column_inner][vc_column_inner width=&#8221;1\/6&#8243;][\/vc_column_inner][\/vc_row_inner][\/vc_column][\/vc_row][vc_row content_placement=&#8221;middle&#8221; parallax=&#8221;content-moving&#8221; css=&#8221;.vc_custom_1622634373226{background-position: center;background-repeat: no-repeat !important;background-size: cover !important;}&#8221;][vc_column][vc_empty_space height=&#8221;80px&#8221;][\/vc_column][\/vc_row][vc_row full_width=&#8221;stretch_row_content_no_spaces&#8221; content_placement=&#8221;middle&#8221; css=&#8221;.vc_custom_1622729826053{background-color: #0a0a0a !important;background-position: center !important;background-repeat: no-repeat !important;background-size: cover !important;}&#8221;][vc_column width=&#8221;1\/2&#8243; css=&#8221;.vc_custom_1622729851512{padding-top: 0px !important;}&#8221;][vc_single_image image=&#8221;8094&#8243; img_size=&#8221;full&#8221; css_animation=&#8221;fadeInLeft&#8221;][\/vc_column][vc_column width=&#8221;1\/2&#8243;][vc_row_inner][vc_column_inner width=&#8221;1\/6&#8243;][\/vc_column_inner][vc_column_inner width=&#8221;2\/3&#8243;]<header class=\"kd-section-title col-lg-12 text-left  kd-animated fadeInRight  \" data-animation-delay=200><h2 class=\"separator_off\" style=\"color: #ffffff;font-size: 4em;line-height: 100%;\">An\u00e1lisis del<br \/>\nproyecto<\/h2><h6 class=\"subtitle \" style=\"color: #ffffff;font-size: 1.5em;\">Evaluamos el dise\u00f1o para determinar los materiales y el proceso de fabricaci\u00f3n a seguir. Colaboramos de manera activa en el proceso de dise\u00f1o de cada producto para cumplir los objetivos de cada cliente.<\/h6><\/header>[\/vc_column_inner][vc_column_inner width=&#8221;1\/6&#8243;][\/vc_column_inner][\/vc_row_inner][\/vc_column][\/vc_row][vc_row full_width=&#8221;stretch_row_content_no_spaces&#8221; content_placement=&#8221;middle&#8221; css=&#8221;.vc_custom_1622649107234{background-color: #0a0a0a !important;background-position: center !important;background-repeat: no-repeat !important;background-size: cover !important;}&#8221;][vc_column width=&#8221;1\/2&#8243; offset=&#8221;vc_hidden-xs&#8221;][vc_row_inner][vc_column_inner width=&#8221;1\/6&#8243;][\/vc_column_inner][vc_column_inner width=&#8221;2\/3&#8243;]<header class=\"kd-section-title col-lg-12 text-left  kd-animated fadeInLeft  \" data-animation-delay=200><h2 class=\"separator_off\" style=\"color: #ffffff;font-size: 4em;line-height: 100%;\">B\u00fasqueda de<br \/>\nmaterias primas<\/h2><h6 class=\"subtitle \" style=\"color: #ffffff;font-size: 1.5em;\">Bas\u00e1ndonos en las indicaciones del cliente y en nuestra experiencia, seleccionamos aquellos materiales que garanticen un excelente acabado final acorde con las expectativas del cliente.<\/h6><\/header>[\/vc_column_inner][vc_column_inner width=&#8221;1\/6&#8243;][\/vc_column_inner][\/vc_row_inner][\/vc_column][vc_column width=&#8221;1\/2&#8243; css=&#8221;.vc_custom_1622729863936{padding-top: 0px !important;}&#8221; offset=&#8221;vc_hidden-xs&#8221;][vc_single_image image=&#8221;8096&#8243; img_size=&#8221;full&#8221; alignment=&#8221;right&#8221; css_animation=&#8221;fadeInRight&#8221;][\/vc_column][\/vc_row][vc_row full_width=&#8221;stretch_row_content_no_spaces&#8221; content_placement=&#8221;middle&#8221; css=&#8221;.vc_custom_1622649107234{background-color: #0a0a0a !important;background-position: center !important;background-repeat: no-repeat !important;background-size: cover !important;}&#8221;][vc_column width=&#8221;1\/2&#8243; css=&#8221;.vc_custom_1622729873699{padding-top: 0px !important;}&#8221; offset=&#8221;vc_hidden-lg vc_hidden-md vc_hidden-sm&#8221;][vc_single_image image=&#8221;8096&#8243; img_size=&#8221;full&#8221; alignment=&#8221;right&#8221; css_animation=&#8221;fadeInRight&#8221;][\/vc_column][vc_column width=&#8221;1\/2&#8243; offset=&#8221;vc_hidden-lg vc_hidden-md vc_hidden-sm&#8221;][vc_row_inner][vc_column_inner width=&#8221;1\/6&#8243;][\/vc_column_inner][vc_column_inner width=&#8221;2\/3&#8243;]<header class=\"kd-section-title col-lg-12 text-left  kd-animated fadeInLeft  \" data-animation-delay=200><h2 class=\"separator_off\" style=\"color: #ffffff;font-size: 4em;line-height: 100%;\">B\u00fasqueda de<br \/>\nmaterias primas<\/h2><h6 class=\"subtitle \" style=\"color: #ffffff;font-size: 1.5em;\">Bas\u00e1ndonos en las indicaciones del cliente y en nuestra experiencia, seleccionamos aquellos materiales que garanticen un excelente acabado final acorde con las expectativas del cliente.<\/h6><\/header>[\/vc_column_inner][vc_column_inner width=&#8221;1\/6&#8243;][\/vc_column_inner][\/vc_row_inner][\/vc_column][\/vc_row][vc_row content_placement=&#8221;middle&#8221; parallax=&#8221;content-moving&#8221; css=&#8221;.vc_custom_1622649568966{padding-top: 80px !important;padding-bottom: 80px !important;background-position: 0 0;background-repeat: no-repeat !important;}&#8221;][vc_column][vc_row_inner][vc_column_inner]<header class=\"kd-section-title col-lg-12 text-center  kd-animated fadeInDown  \" data-animation-delay=200><h2 class=\"separator_off\" style=\"color: #000000;font-size: 4em;line-height: 100%;\">Asesoramiento t\u00e9cnico<\/h2><h6 class=\"subtitle \" style=\"color: #000000;font-size: 1.5em;\">Durante el proceso de fabricaci\u00f3n el cliente recibir\u00e1 asesoramiento t\u00e9cnico de todos aquellos procesos que puedan mejorar el acabado final del calzado.<\/h6><\/header>[\/vc_column_inner][\/vc_row_inner][\/vc_column][\/vc_row][vc_row full_width=&#8221;stretch_row_content_no_spaces&#8221; content_placement=&#8221;middle&#8221; css=&#8221;.vc_custom_1622649107234{background-color: #0a0a0a !important;background-position: center !important;background-repeat: no-repeat !important;background-size: cover !important;}&#8221;][vc_column width=&#8221;1\/2&#8243;][vc_row_inner][vc_column_inner width=&#8221;1\/6&#8243;][\/vc_column_inner][vc_column_inner width=&#8221;2\/3&#8243;]<header class=\"kd-section-title col-lg-12 text-left  kd-animated fadeInLeft  \" data-animation-delay=200><h2 class=\"separator_off\" style=\"color: #ffffff;font-size: 3.4em;line-height: 100%;\">Fabricaci\u00f3n de<br \/>\nprototipos<\/h2><h6 class=\"subtitle \" style=\"color: #ffffff;font-size: 1.5em;\">El desarrollo de muestras es esencial para verificar la viabilidad t\u00e9cnica de los diferentes materiales empleados, as\u00ed como el dise\u00f1o final de este.<\/h6><\/header>[\/vc_column_inner][vc_column_inner width=&#8221;1\/6&#8243;][\/vc_column_inner][\/vc_row_inner][\/vc_column][vc_column width=&#8221;1\/2&#8243; css=&#8221;.vc_custom_1511789287331{padding-top: 0px !important;}&#8221;][vc_single_image image=&#8221;8099&#8243; img_size=&#8221;full&#8221; alignment=&#8221;right&#8221; css_animation=&#8221;fadeInRight&#8221;][\/vc_column][\/vc_row][vc_row full_width=&#8221;stretch_row_content_no_spaces&#8221; content_placement=&#8221;middle&#8221; css=&#8221;.vc_custom_1622649107234{background-color: #0a0a0a !important;background-position: center !important;background-repeat: no-repeat !important;background-size: cover !important;}&#8221;][vc_column width=&#8221;1\/2&#8243; css=&#8221;.vc_custom_1622729897658{padding-top: 0px !important;}&#8221; offset=&#8221;vc_hidden-xs&#8221;][vc_single_image image=&#8221;8101&#8243; img_size=&#8221;full&#8221; css_animation=&#8221;fadeInLeft&#8221;][\/vc_column][vc_column width=&#8221;1\/2&#8243; offset=&#8221;vc_hidden-xs&#8221;][vc_row_inner][vc_column_inner width=&#8221;1\/6&#8243;][\/vc_column_inner][vc_column_inner width=&#8221;2\/3&#8243;]<header class=\"kd-section-title col-lg-12 text-left  kd-animated fadeInRight  \" data-animation-delay=200><h2 class=\"separator_off\" style=\"color: #ffffff;font-size: 3.4em;line-height: 100%;\">Producci\u00f3n<\/h2><h6 class=\"subtitle \" style=\"color: #ffffff;font-size: 1.5em;\">Una vez que las muestras y los prototipos han obtenido el visto bueno del cliente y han superado con \u00e9xito las exigentes pruebas a las que se les somete, nuestros artesanos y expertos proceden con la fabricaci\u00f3n.<\/h6><\/header>[\/vc_column_inner][vc_column_inner width=&#8221;1\/6&#8243;][\/vc_column_inner][\/vc_row_inner][\/vc_column][\/vc_row][vc_row full_width=&#8221;stretch_row_content_no_spaces&#8221; content_placement=&#8221;middle&#8221; css=&#8221;.vc_custom_1622649107234{background-color: #0a0a0a !important;background-position: center !important;background-repeat: no-repeat !important;background-size: cover !important;}&#8221;][vc_column width=&#8221;1\/2&#8243; offset=&#8221;vc_hidden-lg vc_hidden-md vc_hidden-sm&#8221;][vc_row_inner][vc_column_inner width=&#8221;1\/6&#8243;][\/vc_column_inner][vc_column_inner width=&#8221;2\/3&#8243;]<header class=\"kd-section-title col-lg-12 text-left  kd-animated fadeInRight  \" data-animation-delay=200><h2 class=\"separator_off\" style=\"color: #ffffff;font-size: 3.4em;line-height: 100%;\">Producci\u00f3n<\/h2><h6 class=\"subtitle \" style=\"color: #ffffff;font-size: 1.5em;\">Una vez que las muestras y los prototipos han obtenido el visto bueno del cliente y han superado con \u00e9xito las exigentes pruebas a las que se les somete, nuestros artesanos y expertos proceden con la fabricaci\u00f3n.<\/h6><\/header>[\/vc_column_inner][vc_column_inner width=&#8221;1\/6&#8243;][\/vc_column_inner][\/vc_row_inner][\/vc_column][vc_column width=&#8221;1\/2&#8243; css=&#8221;.vc_custom_1622729921356{padding-top: 0px !important;}&#8221; offset=&#8221;vc_hidden-lg vc_hidden-md vc_hidden-sm&#8221;][vc_single_image image=&#8221;8101&#8243; img_size=&#8221;full&#8221; css_animation=&#8221;fadeInLeft&#8221;][\/vc_column][\/vc_row][vc_row full_width=&#8221;stretch_row_content_no_spaces&#8221; content_placement=&#8221;middle&#8221; css=&#8221;.vc_custom_1622649107234{background-color: #0a0a0a !important;background-position: center !important;background-repeat: no-repeat !important;background-size: cover !important;}&#8221;][vc_column width=&#8221;1\/2&#8243;][vc_row_inner][vc_column_inner width=&#8221;1\/6&#8243;][\/vc_column_inner][vc_column_inner width=&#8221;2\/3&#8243;]<header class=\"kd-section-title col-lg-12 text-left  kd-animated fadeInLeft  \" data-animation-delay=200><h2 class=\"separator_off\" style=\"color: #ffffff;font-size: 3.4em;line-height: 100%;\">Control de<br \/>\ncalidad<\/h2><h6 class=\"subtitle \" style=\"color: #ffffff;font-size: 1.5em;\">Un equipo especializado y con amplia experiencia garantiza una cadena de valor humano \u00fanica en el sector. El exigente control de calidad se lleva a cabo de manera individualizada con cada uno de los pares.<\/h6><\/header>[\/vc_column_inner][vc_column_inner width=&#8221;1\/6&#8243;][\/vc_column_inner][\/vc_row_inner][\/vc_column][vc_column width=&#8221;1\/2&#8243; css=&#8221;.vc_custom_1511789287331{padding-top: 0px !important;}&#8221;][vc_single_image image=&#8221;8103&#8243; img_size=&#8221;full&#8221; alignment=&#8221;right&#8221; css_animation=&#8221;fadeInRight&#8221;][\/vc_column][\/vc_row]<\/p>\n<\/div>","protected":false},"excerpt":{"rendered":"<p>[vc_row full_width=&#8221;stretch_row&#8221; full_height=&#8221;yes&#8221; content_placement=&#8221;middle&#8221; parallax=&#8221;content-moving&#8221; css=&#8221;.vc_custom_1624445900348{background-image: url(https:\/\/gabarain.es\/wp-content\/uploads\/2021\/06\/banner-8.gif?id=8092) !important;background-position: center;background-repeat: no-repeat !important;background-size: contain !important;}&#8221;][vc_column][vc_row_inner][vc_column_inner][\/vc_column_inner][\/vc_row_inner][\/vc_column][\/vc_row][vc_row content_placement=&#8221;middle&#8221; parallax=&#8221;content-moving&#8221; css=&#8221;.vc_custom_1622634373226{background-position: center;background-repeat: no-repeat;background-size: cover !important;}&#8221;][vc_column][vc_empty_space [&hellip;]<\/p>\n","protected":false},"author":1,"featured_media":0,"parent":0,"menu_order":0,"comment_status":"closed","ping_status":"closed","template":"","meta":{"_monsterinsights_skip_tracking":false,"_monsterinsights_sitenote_active":false,"_monsterinsights_sitenote_note":"","_monsterinsights_sitenote_category":0,"footnotes":""},"class_list":["post-7812","page","type-page","status-publish","hentry"],"aioseo_notices":[],"_links":{"self":[{"href":"https:\/\/gabarain.es\/es\/wp-json\/wp\/v2\/pages\/7812","targetHints":{"allow":["GET"]}}],"collection":[{"href":"https:\/\/gabarain.es\/es\/wp-json\/wp\/v2\/pages"}],"about":[{"href":"https:\/\/gabarain.es\/es\/wp-json\/wp\/v2\/types\/page"}],"author":[{"embeddable":true,"href":"https:\/\/gabarain.es\/es\/wp-json\/wp\/v2\/users\/1"}],"replies":[{"embeddable":true,"href":"https:\/\/gabarain.es\/es\/wp-json\/wp\/v2\/comments?post=7812"}],"version-history":[{"count":13,"href":"https:\/\/gabarain.es\/es\/wp-json\/wp\/v2\/pages\/7812\/revisions"}],"predecessor-version":[{"id":9005,"href":"https:\/\/gabarain.es\/es\/wp-json\/wp\/v2\/pages\/7812\/revisions\/9005"}],"wp:attachment":[{"href":"https:\/\/gabarain.es\/es\/wp-json\/wp\/v2\/media?parent=7812"}],"curies":[{"name":"wp","href":"https:\/\/api.w.org\/{rel}","templated":true}]}}