{"id":7823,"date":"2021-06-04T08:01:10","date_gmt":"2021-06-04T08:01:10","guid":{"rendered":"https:\/\/gabarain.es\/?page_id=7823"},"modified":"2025-09-18T11:19:55","modified_gmt":"2025-09-18T11:19:55","slug":"contacto","status":"publish","type":"page","link":"https:\/\/gabarain.es\/es\/contacto\/","title":{"rendered":"Contacto"},"content":{"rendered":"<div class=\"wpb-content-wrapper\"><p>[vc_row content_placement=&#8221;middle&#8221; parallax=&#8221;content-moving&#8221; css=&#8221;.vc_custom_1622634373226{background-position: center;background-repeat: no-repeat !important;background-size: cover !important;}&#8221;][vc_column offset=&#8221;vc_hidden-sm vc_hidden-xs&#8221;][vc_empty_space height=&#8221;150px&#8221;][\/vc_column][\/vc_row][vc_row content_placement=&#8221;middle&#8221; parallax=&#8221;content-moving&#8221; css=&#8221;.vc_custom_1622634373226{background-position: center;background-repeat: no-repeat;background-size: cover !important;}&#8221;][vc_column offset=&#8221;vc_hidden-lg vc_hidden-md&#8221;][vc_empty_space height=&#8221;30px&#8221;][\/vc_column][\/vc_row][vc_row content_placement=&#8221;middle&#8221; parallax=&#8221;content-moving&#8221; css=&#8221;.vc_custom_1622634373226{background-position: center;background-repeat: no-repeat;background-size: cover !important;}&#8221;][vc_column][vc_separator border_width=&#8221;2&#8243;][vc_empty_space height=&#8221;15px&#8221;]<header class=\"kd-section-title col-lg-12 text-center  kd-animated fadeIn section-title \" data-animation-delay=200><h1 class=\"separator_off\" >\u00bfQUIERES CREAR TU PROPIA L\u00cdNEA DE CALZADO?<br \/>\n\u00bfNECESITAS ASESORAMIENTO?<br \/>\nTE ESCUCHAMOS.<\/h1><\/header>[vc_separator border_width=&#8221;2&#8243;][\/vc_column][\/vc_row][vc_row content_placement=&#8221;middle&#8221; parallax=&#8221;content-moving&#8221; css=&#8221;.vc_custom_1622634373226{background-position: center;background-repeat: no-repeat;background-size: cover !important;}&#8221;][vc_column][vc_empty_space height=&#8221;80px&#8221;][\/vc_column][\/vc_row][vc_row content_placement=&#8221;middle&#8221; css=&#8221;.vc_custom_1622705589814{background-position: center !important;background-repeat: no-repeat !important;background-size: cover !important;}&#8221;][vc_column width=&#8221;1\/2&#8243; css=&#8221;.vc_custom_1622729988108{padding-top: 0px !important;}&#8221; offset=&#8221;vc_hidden-sm vc_hidden-xs&#8221;][vc_raw_html]JTNDaWZyYW1lJTIwc3JjJTNEJTIyaHR0cHMlM0ElMkYlMkZ3d3cuZ29vZ2xlLmNvbSUyRm1hcHMlMkZlbWJlZCUzRnBiJTNEJTIxMW0xNCUyMTFtOCUyMTFtMyUyMTFkMTI1MjcuMjQxODk3NTgwMDEyJTIxMmQtMC43MjU4MDMwMzcxMDkzODIzJTIxM2QzOC4yODM4ODYwMDAwMDAwMSUyMTNtMiUyMTFpMTAyNCUyMTJpNzY4JTIxNGYxMy4xJTIxM20zJTIxMW0yJTIxMXMweDAlMjUzQTB4NDdjMmJlMzA2ZDc2YzI4OCUyMTJzRiUyNUMzJTI1QTFicmljYSUyNTIwZGUlMjUyMHphcGF0b3MlMjUyME1hamVzdGljJTI1MjBGb290d2VhciUyMTVlMCUyMTNtMiUyMTFzZXMlMjEyc2VzJTIxNHYxNjIyNzAyMDIxMzMyJTIxNW0yJTIxMXNlcyUyMTJzZXMlMjIlMjBoZWlnaHQlM0QlMjI3NTBweCUyMiUyMHdpZHRoJTNEJTIyMTAwJTI1JTIyJTIwc3R5bGUlM0QlMjJib3JkZXIlM0EwJTNCJTIyJTIwYWxsb3dmdWxsc2NyZWVuJTNEJTIyJTIyJTIwbG9hZGluZyUzRCUyMmxhenklMjIlM0UlM0MlMkZpZnJhbWUlM0U=[\/vc_raw_html][vc_empty_space height=&#8221;15px&#8221;][\/vc_column][vc_column width=&#8221;1\/2&#8243; offset=&#8221;vc_hidden-sm vc_hidden-xs&#8221; css=&#8221;.vc_custom_1758194374061{padding-left: 30px !important;}&#8221;]<header class=\"kd-section-title col-lg-12 text-left    \" ><h3 class=\"separator_off\" >DIRECCI\u00d3N<\/h3><h6 class=\"subtitle \" >Pol\u00edgono Industrial, Carrer Brea, 22, 03206 Carrus, Alicante<\/h6><\/header>[vc_empty_space height=&#8221;15px&#8221;]<header class=\"kd-section-title col-lg-12 text-left    \" ><h3 class=\"separator_off\" >CONTACTO<\/h3><h6 class=\"subtitle \" >+34 966 36 21 01<br \/>\ninfo@gabarain.es<\/h6><\/header>[vc_empty_space height=&#8221;15px&#8221;]<div class=\"kd-contact-form full-width-cf\" >\n<div class=\"wpcf7 no-js\" id=\"wpcf7-f7839-o1\" lang=\"en-US\" dir=\"ltr\" data-wpcf7-id=\"7839\">\n<div class=\"screen-reader-response\"><p role=\"status\" aria-live=\"polite\" aria-atomic=\"true\"><\/p> <ul><\/ul><\/div>\n<form action=\"\/es\/wp-json\/wp\/v2\/pages\/7823#wpcf7-f7839-o1\" method=\"post\" class=\"wpcf7-form init\" aria-label=\"Contact form\" novalidate=\"novalidate\" data-status=\"init\">\n<fieldset class=\"hidden-fields-container\"><input type=\"hidden\" name=\"_wpcf7\" value=\"7839\" \/><input type=\"hidden\" name=\"_wpcf7_version\" value=\"6.1.5\" \/><input type=\"hidden\" name=\"_wpcf7_locale\" value=\"en_US\" \/><input type=\"hidden\" name=\"_wpcf7_unit_tag\" value=\"wpcf7-f7839-o1\" \/><input type=\"hidden\" name=\"_wpcf7_container_post\" value=\"0\" \/><input type=\"hidden\" name=\"_wpcf7_posted_data_hash\" value=\"\" \/>\n<\/fieldset>\n<p><span class=\"wpcf7-form-control-wrap\" data-name=\"your-name\"><input size=\"40\" maxlength=\"400\" class=\"wpcf7-form-control wpcf7-text wpcf7-validates-as-required\" aria-required=\"true\" aria-invalid=\"false\" placeholder=\"Nombre\" value=\"\" type=\"text\" name=\"your-name\" \/><\/span><br \/>\n<span class=\"wpcf7-form-control-wrap\" data-name=\"your-email\"><input size=\"40\" maxlength=\"400\" class=\"wpcf7-form-control wpcf7-email wpcf7-validates-as-required wpcf7-text wpcf7-validates-as-email\" aria-required=\"true\" aria-invalid=\"false\" placeholder=\"Email\" value=\"\" type=\"email\" name=\"your-email\" \/><\/span><br \/>\n<span class=\"wpcf7-form-control-wrap\" data-name=\"text-31\"><input size=\"40\" maxlength=\"400\" class=\"wpcf7-form-control wpcf7-text wpcf7-validates-as-required\" aria-required=\"true\" aria-invalid=\"false\" placeholder=\"Asunto\" value=\"\" type=\"text\" name=\"text-31\" \/><\/span><br \/>\n<span class=\"wpcf7-form-control-wrap\" data-name=\"your-message\"><textarea cols=\"40\" rows=\"10\" maxlength=\"2000\" class=\"wpcf7-form-control wpcf7-textarea\" aria-invalid=\"false\" placeholder=\"Mensaje\" name=\"your-message\"><\/textarea><\/span><br \/>\n<span class=\"wpcf7-form-control-wrap\" data-name=\"quiz-875\"><label><span class=\"wpcf7-quiz-label\">3-2=<\/span> <input size=\"40\" class=\"wpcf7-form-control wpcf7-quiz\" autocomplete=\"off\" aria-required=\"true\" aria-invalid=\"false\" type=\"text\" name=\"quiz-875\" \/><\/label><input type=\"hidden\" name=\"_wpcf7_quiz_answer_quiz-875\" value=\"d361b8ab1c14588fa550e33d3651ccab\" \/><\/span><br \/>\n<span class=\"wpcf7-form-control-wrap\" data-name=\"acceptance-17\"><span class=\"wpcf7-form-control wpcf7-acceptance\"><span class=\"wpcf7-list-item\"><label><input type=\"checkbox\" name=\"acceptance-17\" value=\"1\" aria-invalid=\"false\" \/><span class=\"wpcf7-list-item-label\">Al activar el check de \"lectura y aceptaci\u00f3n\" de nuestra pol\u00edtica de privacidad, usted est\u00e1 indicando que ha le\u00eddo, entiende, acepta y autoriza todas las cl\u00e1usulas especializadas para la recogida, almacenamiento y el tratamiento de sus datos personales. marque esta casilla para dar su consentimiento y aprobaci\u00f3n para permitirnos responder a su solicitud de informaci\u00f3n a trav\u00e9s de este formulario.<\/span><\/label><\/span><\/span><\/span><br \/>\n<input class=\"wpcf7-form-control wpcf7-submit has-spinner\" type=\"submit\" value=\"Enviar\" \/>\n<\/p><div class=\"wpcf7-response-output\" aria-hidden=\"true\"><\/div>\n<\/form>\n<\/div>\n<\/div>[\/vc_column][\/vc_row][vc_row content_placement=&#8221;middle&#8221; css=&#8221;.vc_custom_1622705589814{background-position: center !important;background-repeat: no-repeat !important;background-size: cover !important;}&#8221;][vc_column css=&#8221;.vc_custom_1622730009476{padding-top: 0px !important;}&#8221; offset=&#8221;vc_hidden-lg vc_hidden-md&#8221;][vc_raw_html]JTNDaWZyYW1lJTIwc3JjJTNEJTIyaHR0cHMlM0ElMkYlMkZ3d3cuZ29vZ2xlLmNvbSUyRm1hcHMlMkZlbWJlZCUzRnBiJTNEJTIxMW0xNCUyMTFtOCUyMTFtMyUyMTFkMTI1MjcuMjQxODk3NTgwMDEyJTIxMmQtMC43MjU4MDMwMzcxMDkzODIzJTIxM2QzOC4yODM4ODYwMDAwMDAwMSUyMTNtMiUyMTFpMTAyNCUyMTJpNzY4JTIxNGYxMy4xJTIxM20zJTIxMW0yJTIxMXMweDAlMjUzQTB4NDdjMmJlMzA2ZDc2YzI4OCUyMTJzRiUyNUMzJTI1QTFicmljYSUyNTIwZGUlMjUyMHphcGF0b3MlMjUyME1hamVzdGljJTI1MjBGb290d2VhciUyMTVlMCUyMTNtMiUyMTFzZXMlMjEyc2VzJTIxNHYxNjIyNzAyMDIxMzMyJTIxNW0yJTIxMXNlcyUyMTJzZXMlMjIlMjBoZWlnaHQlM0QlMjI3NTBweCUyMiUyMHdpZHRoJTNEJTIyMTAwJTI1JTIyJTIwc3R5bGUlM0QlMjJib3JkZXIlM0EwJTNCJTIyJTIwYWxsb3dmdWxsc2NyZWVuJTNEJTIyJTIyJTIwbG9hZGluZyUzRCUyMmxhenklMjIlM0UlM0MlMkZpZnJhbWUlM0U=[\/vc_raw_html][vc_empty_space height=&#8221;15px&#8221;]<header class=\"kd-section-title col-lg-12 text-left    \" ><h2 class=\"separator_off\" >DIRECCI\u00d3N<\/h2><h6 class=\"subtitle \" >Pol\u00edgono Industrial, Carrer Brea, 22, 03206 Carrus, Alicante<\/h6><\/header>[vc_empty_space height=&#8221;15px&#8221;]<header class=\"kd-section-title col-lg-12 text-left    \" ><h2 class=\"separator_off\" >CONTACTO<\/h2><h6 class=\"subtitle \" >+34 966 36 21 01<br \/>\ninfo@gabarain.es<\/h6><\/header>[vc_empty_space height=&#8221;15px&#8221;]<div class=\"kd-contact-form full-width-cf\" >\n<div class=\"wpcf7 no-js\" id=\"wpcf7-f7839-o2\" lang=\"en-US\" dir=\"ltr\" data-wpcf7-id=\"7839\">\n<div class=\"screen-reader-response\"><p role=\"status\" aria-live=\"polite\" aria-atomic=\"true\"><\/p> <ul><\/ul><\/div>\n<form action=\"\/es\/wp-json\/wp\/v2\/pages\/7823#wpcf7-f7839-o2\" method=\"post\" class=\"wpcf7-form init\" aria-label=\"Contact form\" novalidate=\"novalidate\" data-status=\"init\">\n<fieldset class=\"hidden-fields-container\"><input type=\"hidden\" name=\"_wpcf7\" value=\"7839\" \/><input type=\"hidden\" name=\"_wpcf7_version\" value=\"6.1.5\" \/><input type=\"hidden\" name=\"_wpcf7_locale\" value=\"en_US\" \/><input type=\"hidden\" name=\"_wpcf7_unit_tag\" value=\"wpcf7-f7839-o2\" \/><input type=\"hidden\" name=\"_wpcf7_container_post\" value=\"0\" \/><input type=\"hidden\" name=\"_wpcf7_posted_data_hash\" value=\"\" \/>\n<\/fieldset>\n<p><span class=\"wpcf7-form-control-wrap\" data-name=\"your-name\"><input size=\"40\" maxlength=\"400\" class=\"wpcf7-form-control wpcf7-text wpcf7-validates-as-required\" aria-required=\"true\" aria-invalid=\"false\" placeholder=\"Nombre\" value=\"\" type=\"text\" name=\"your-name\" \/><\/span><br \/>\n<span class=\"wpcf7-form-control-wrap\" data-name=\"your-email\"><input size=\"40\" maxlength=\"400\" class=\"wpcf7-form-control wpcf7-email wpcf7-validates-as-required wpcf7-text wpcf7-validates-as-email\" aria-required=\"true\" aria-invalid=\"false\" placeholder=\"Email\" value=\"\" type=\"email\" name=\"your-email\" \/><\/span><br \/>\n<span class=\"wpcf7-form-control-wrap\" data-name=\"text-31\"><input size=\"40\" maxlength=\"400\" class=\"wpcf7-form-control wpcf7-text wpcf7-validates-as-required\" aria-required=\"true\" aria-invalid=\"false\" placeholder=\"Asunto\" value=\"\" type=\"text\" name=\"text-31\" \/><\/span><br \/>\n<span class=\"wpcf7-form-control-wrap\" data-name=\"your-message\"><textarea cols=\"40\" rows=\"10\" maxlength=\"2000\" class=\"wpcf7-form-control wpcf7-textarea\" aria-invalid=\"false\" placeholder=\"Mensaje\" name=\"your-message\"><\/textarea><\/span><br \/>\n<span class=\"wpcf7-form-control-wrap\" data-name=\"quiz-875\"><label><span class=\"wpcf7-quiz-label\">2+1=<\/span> <input size=\"40\" class=\"wpcf7-form-control wpcf7-quiz\" autocomplete=\"off\" aria-required=\"true\" aria-invalid=\"false\" type=\"text\" name=\"quiz-875\" \/><\/label><input type=\"hidden\" name=\"_wpcf7_quiz_answer_quiz-875\" value=\"b2645968c47def219740d10953ce4e36\" \/><\/span><br \/>\n<span class=\"wpcf7-form-control-wrap\" data-name=\"acceptance-17\"><span class=\"wpcf7-form-control wpcf7-acceptance\"><span class=\"wpcf7-list-item\"><label><input type=\"checkbox\" name=\"acceptance-17\" value=\"1\" aria-invalid=\"false\" \/><span class=\"wpcf7-list-item-label\">Al activar el check de \"lectura y aceptaci\u00f3n\" de nuestra pol\u00edtica de privacidad, usted est\u00e1 indicando que ha le\u00eddo, entiende, acepta y autoriza todas las cl\u00e1usulas especializadas para la recogida, almacenamiento y el tratamiento de sus datos personales. marque esta casilla para dar su consentimiento y aprobaci\u00f3n para permitirnos responder a su solicitud de informaci\u00f3n a trav\u00e9s de este formulario.<\/span><\/label><\/span><\/span><\/span><br \/>\n<input class=\"wpcf7-form-control wpcf7-submit has-spinner\" type=\"submit\" value=\"Enviar\" \/>\n<\/p><div class=\"wpcf7-response-output\" aria-hidden=\"true\"><\/div>\n<\/form>\n<\/div>\n<\/div>[\/vc_column][\/vc_row]<\/p>\n<\/div>","protected":false},"excerpt":{"rendered":"<p>[vc_row content_placement=&#8221;middle&#8221; parallax=&#8221;content-moving&#8221; css=&#8221;.vc_custom_1622634373226{background-position: center;background-repeat: no-repeat !important;background-size: cover !important;}&#8221;][vc_column offset=&#8221;vc_hidden-sm vc_hidden-xs&#8221;][vc_empty_space height=&#8221;150px&#8221;][\/vc_column][\/vc_row][vc_row content_placement=&#8221;middle&#8221; parallax=&#8221;content-moving&#8221; css=&#8221;.vc_custom_1622634373226{background-position: center;background-repeat: no-repeat;background-size: cover !important;}&#8221;][vc_column offset=&#8221;vc_hidden-lg [&hellip;]<\/p>\n","protected":false},"author":1,"featured_media":0,"parent":0,"menu_order":0,"comment_status":"closed","ping_status":"closed","template":"","meta":{"_monsterinsights_skip_tracking":false,"_monsterinsights_sitenote_active":false,"_monsterinsights_sitenote_note":"","_monsterinsights_sitenote_category":0,"footnotes":""},"class_list":["post-7823","page","type-page","status-publish","hentry"],"aioseo_notices":[],"_links":{"self":[{"href":"https:\/\/gabarain.es\/es\/wp-json\/wp\/v2\/pages\/7823","targetHints":{"allow":["GET"]}}],"collection":[{"href":"https:\/\/gabarain.es\/es\/wp-json\/wp\/v2\/pages"}],"about":[{"href":"https:\/\/gabarain.es\/es\/wp-json\/wp\/v2\/types\/page"}],"author":[{"embeddable":true,"href":"https:\/\/gabarain.es\/es\/wp-json\/wp\/v2\/users\/1"}],"replies":[{"embeddable":true,"href":"https:\/\/gabarain.es\/es\/wp-json\/wp\/v2\/comments?post=7823"}],"version-history":[{"count":6,"href":"https:\/\/gabarain.es\/es\/wp-json\/wp\/v2\/pages\/7823\/revisions"}],"predecessor-version":[{"id":8995,"href":"https:\/\/gabarain.es\/es\/wp-json\/wp\/v2\/pages\/7823\/revisions\/8995"}],"wp:attachment":[{"href":"https:\/\/gabarain.es\/es\/wp-json\/wp\/v2\/media?parent=7823"}],"curies":[{"name":"wp","href":"https:\/\/api.w.org\/{rel}","templated":true}]}}