{"id":7980,"date":"2021-06-10T13:23:37","date_gmt":"2021-06-10T13:23:37","guid":{"rendered":"https:\/\/gabarain.es\/?page_id=7980"},"modified":"2021-06-11T10:26:47","modified_gmt":"2021-06-11T10:26:47","slug":"politica-de-privacidad","status":"publish","type":"page","link":"https:\/\/gabarain.es\/es\/politica-de-privacidad\/","title":{"rendered":"Pol\u00edtica de Privacidad"},"content":{"rendered":"<div class=\"wpb-content-wrapper\"><p>[vc_row][vc_column][vc_column_text]<\/p>\n<p>MAJESTIC FOOTWEAR,S.L.U informa sobre su pol\u00edtica respecto del tratamiento y protecci\u00f3n de los datos de car\u00e1cter personal de los usuarios y clientes<br \/>\nque puedan ser recabados por la navegaci\u00f3n o contrataci\u00f3n de servicios a trav\u00e9s de su sitio web, as\u00ed como mediante actividades comerciales o por correo electr\u00f3nico.<\/p>\n<p>En este sentido, garantiza el cumplimiento de la normativa vigente en materia de protecci\u00f3n de datos personales, conforme a lo establecido en el RGPD europeo 2016\/679.<\/p>\n<p>El uso de esta web implica la aceptaci\u00f3n de esta pol\u00edtica de privacidad.<\/p>\n<p>&nbsp;<\/p>\n<h3><strong>RESPONSABLE DEL TRATAMIENTO<\/strong><\/h3>\n<p>Raz\u00f3n social: MAJESTIC FOOTWEAR,S.L.U<\/p>\n<p>CIF: B54858386<\/p>\n<p>Direcci\u00f3n: Pol\u00edgono Industrial, Carrer Brea, 22, 03206 Carrus, Alicante<\/p>\n<p>Tel\u00e9fono: +34 966 36 21 01<\/p>\n<p>Correo electr\u00f3nico: ivan@majesticfootwear.com<\/p>\n<p>&nbsp;<\/p>\n<h3><strong>RECOGIDA Y FINALIDAD DEL TRATAMIENTO<\/strong><\/h3>\n<p>1.- Recogida: MAJESTIC FOOTWEAR,S.L.U tiene el deber de informar a los usuarios acerca de la recogida de datos de car\u00e1cter personal que pueden llevarse a cabo, bien sea mediante el env\u00edo de correo electr\u00f3nico o al cumplimentar los formularios incluidos en el sitio web. En este sentido, MAJESTIC FOOTWEAR,S.L.U ser\u00e1 considerada como responsable de los datos recabados mediante los medios anteriormente descritos.<\/p>\n<p>2.-Finalidad: A su vez, se informa a los usuarios que la finalidad del tratamiento de los datos recabados contempla: La atenci\u00f3n de solicitudes realizadas por los usuarios, la prestaci\u00f3n de servicios, la gesti\u00f3n de la relaci\u00f3n comercial y gestiones administrativas. Los datos personales no ser\u00e1n cedidos a terceros, salvo en los casos en que exista una obligaci\u00f3n legal.<\/p>\n<p>&nbsp;<\/p>\n<h3><strong>LEGITIMACI\u00d3N PARA EL TRATAMIENTO DE SUS DATOS PERSONALES<\/strong><\/h3>\n<p>Las operaciones, gestiones y procedimientos t\u00e9cnicos que se realicen de forma automatizada o no y que posibiliten la recogida, el almacenamiento, la modificaci\u00f3n, la transferencia y otras acciones sobre datos de car\u00e1cter personal, tienen la consideraci\u00f3n de tratamiento de datos personales. Todos los datos personales, que sean recogidos a trav\u00e9s del sitio web de MAJESTIC FOOTWEAR,S.L.U y por tanto tenga la consideraci\u00f3n de tratamiento de datos de car\u00e1cter personal, ser\u00e1n incorporados en un fichero automatizado responsabilidad de MAJESTIC FOOTWEAR,S.L.U.<\/p>\n<p>1.- Consentimiento expreso del usuario a trav\u00e9s de la selecci\u00f3n de la casilla check de env\u00edo del formulario donde verifica su consentimiento.<\/p>\n<p>2.- Medidas precontractuales en el caso de solicitudes de presupuesto u otras informaciones en relaci\u00f3n a nuestros servicios de protecci\u00f3n de datos y privacidad.<\/p>\n<p>3.- Si es cliente para la ejecuci\u00f3n de un contrato como cliente.<\/p>\n<p>4.- El cumplimiento de obligaciones legales aplicables a la actividad, derivadas de la legislaci\u00f3n mercantil y tributaria.<\/p>\n<p>&nbsp;<\/p>\n<h3><strong>PLAZO DE CONSERVACI\u00d3N DE LOS DATOS<\/strong><\/h3>\n<p>Los datos personales que nos proporciona ser\u00e1n conservados mientras se mantenga nuestra relaci\u00f3n contractual o mercantil y una vez terminada \u00e9sta durante el plazo de prescripci\u00f3n de las acciones que se pudieran derivar del producto\/servicio contratado por el interesado, as\u00ed como durante el tiempo necesario para cumplir con las obligaciones legales. Sin perjuicio de ello, con el fin de poder contactar y realizar acciones comerciales<br \/>\nde nuevo con ex clientes, para poder ofertarle productos concretos personalizados, y siempre que se tenga el consentimiento del interesado, MAJESTIC FOOTWEAR,S.L.U podr\u00e1 contactar con ellos para los fines detallados.<\/p>\n<p>&nbsp;<\/p>\n<h3><strong>PROCEDENCIA DE LOS DATOS<\/strong><\/h3>\n<p>Los datos obtenidos han sido proporcionados por el propio interesado.<\/p>\n<p>&nbsp;<\/p>\n<h3><strong>DERECHOS DEL INTERESADO<\/strong><\/h3>\n<p>Cualquier interesado podr\u00e1 solicitar el ejercicio de los siguientes derechos:<\/p>\n<p>Derecho de acceso: El interesado tendr\u00e1 derecho a obtener confirmaci\u00f3n de si se est\u00e1n tratando o no datos personales que le conciernen.<br \/>\nDerecho de rectificaci\u00f3n: El interesado tendr\u00e1 derecho a obtener la rectificaci\u00f3n de los datos personales inexactos que le concierne o incompletos.<br \/>\nDerecho de supresi\u00f3n: El interesado tendr\u00e1 derecho a obtener la supresi\u00f3n de los datos personales que le concierne cuando los datos personales ya<br \/>\nno sean necesarios en relaci\u00f3n con los fines para los que fueron recogidos o tratados de otro modo.<br \/>\nDerecho de limitaci\u00f3n: Podr\u00e1 solicitar la limitaci\u00f3n del tratamiento de sus datos personales, en cuyo caso \u00fanicamente los conservar\u00edamos para el ejercicio o la defensa de reclamaciones.<br \/>\nDerecho a la portabilidad de sus datos: Por lo que puede solicitarnos que sus datos personales automatizados sean cedidos o transferidos a cualquier otra empresa que nos indique en un formato estructurado, inteligible y automatizado.<br \/>\nDerecho de retirar el consentimiento: Usted tendr\u00e1 derecho a retirar el consentimiento en cualquier momento, sin que ello afecte a la licitud del tratamiento basado en el consentimiento antes de su retirada.<br \/>\nDerecho de oposici\u00f3n: El interesado tendr\u00e1 derecho a oponerse al tratamiento de sus datos.<\/p>\n<p>&nbsp;<\/p>\n<h3><strong>EJERCICIO DE DERECHOS<\/strong><\/h3>\n<p>Se garantiza al usuario el ejercicio de los derechos de acceso, rectificaci\u00f3n, cancelaci\u00f3n, informaci\u00f3n y oposici\u00f3n, en los t\u00e9rminos dispuestos en la legislaci\u00f3n vigente. Para ello deber\u00e1 remitir su solicitud a nuestra entidad, junto a la copia del DNI, a trav\u00e9s de los siguientes medios:<\/p>\n<p>-Email: info@gabarain.es<\/p>\n<p>-Correo postal: Pol\u00edgono Industrial, Carrer Brea, 22, 03206 Carrus, Alicante<\/p>\n<p>&nbsp;<\/p>\n<h3><strong>\u00bfQUI\u00c9N PUEDE EJERCITAR LOS DERECHOS?<\/strong><\/h3>\n<p>Los derechos de los interesados son personal\u00edsimos, por lo tanto, ser\u00e1n ejercidos por el titular de los datos acreditando debidamente su identidad (para ello se le solicitar\u00e1 el DNI o equivalente).<br \/>\nTambi\u00e9n podr\u00e1 ejercerse a trav\u00e9s de representaci\u00f3n legal, en cuyo caso, adem\u00e1s del DNI del interesado o equivalente, habr\u00e1 de aportarse DNI y documento acreditativo aut\u00e9ntico de la representaci\u00f3n del tercero.<\/p>\n<p>&nbsp;<\/p>\n<h3><strong>\u00bfCU\u00c1L SER\u00c1 NUESTRA OBLIGACI\u00d3N CUANDO EJERCITA ALGUNO DE LOS DERECHOS?<\/strong><\/h3>\n<p>El responsable del tratamiento deber\u00e1 contestar la solicitud que se le dirija en todo caso, con independencia de que figuren o no datos personales del afectado o interesado en sus tratamientos.<br \/>\nEn el caso de que la solicitud no re\u00fana los requisitos especificados, el responsable del fichero deber\u00e1 solicitar la subsanaci\u00f3n de los mismos.<br \/>\nEl responsable de tratamiento responder\u00e1 a las solicitudes en el plazo de un mes a partir de la recepci\u00f3n de la solicitud. Dicho plazo podr\u00e1 prorrogarse otros dos meses en caso necesario, teniendo en cuenta la complejidad y el n\u00famero de solicitudes. El responsable informar\u00e1 al interesado\u00a0de cualquiera de dichas pr\u00f3rrogas en el plazo de un mes a partir de la recepci\u00f3n de la solicitud, indicando los motivos de la dilaci\u00f3n.<\/p>\n<p>&nbsp;<\/p>\n<h3><strong>\u00bfQU\u00c9 INFORMACI\u00d3N RECOPILAMOS?<\/strong><\/h3>\n<p>En general, puede usar el Sitio Web sin facilitar ninguna informaci\u00f3n de car\u00e1cter personal.<br \/>\nDisponemos de varias secciones en nuestra p\u00e1gina web en las cuales existen formularios de recogida de datos personales que son necesarios para poder prestarle los servicios que nos solicita. Cuando nos remite alguno de estos formularios solicit\u00e1ndonos informaci\u00f3n, el usuario garantiza la autenticidad, exactitud y veracidad de toda la informaci\u00f3n que nos facilite, comprometi\u00e9ndose a mantener actualizados los datos de car\u00e1cter personal que nos facilite de forma que los mismos respondan, en todo momento, a su situaci\u00f3n real. El usuario ser\u00e1 el \u00fanico responsable de las manifestaciones falsas o inexactas y de los perjuicios que las mismas pudieran causar.<br \/>\nLos datos personales que recabamos son: Nombre, email, tel\u00e9fono, etc.<\/p>\n<p>&nbsp;<\/p>\n<h3><strong>SEGURIDAD EN LA PROTECCI\u00d3N DE LOS DATOS<\/strong><\/h3>\n<p>Aplicamos medidas t\u00e9cnicas y f\u00edsicas razonables para proteger la informaci\u00f3n que recogemos a trav\u00e9s del Sitio Web.<\/p>\n<p>&nbsp;<\/p>\n<h3><strong>PROTECCI\u00d3N DE DATOS EN REDES SOCIALES<\/strong><\/h3>\n<p>Utilizamos las cuentas de Facebook, Twitter, YouTube, LinkedIn, Instagram para informar sobre nuestras actividades e interactuar con nuestros seguidores. Al hacerte seguidor nuestro, consientes que trate los datos personales que est\u00e9n disponibles en tu perfil, exclusivamente para dicha finalidad y s\u00f3lo en el entorno de Facebook, Twitter, YouTube, LinkedIn, Instagram conforme a sus pol\u00edticas de uso y privacidad. Podr\u00e1s ejercitar los derechos de acceso, rectificaci\u00f3n, supresi\u00f3n, limitaci\u00f3n, portabilidad de sus datos, retirada del consentimiento y oposici\u00f3n en la direcci\u00f3n de correo electr\u00f3nico info@gabarain.es. Atenderemos sus solicitudes en el marco y con las limitaciones derivadas de las reglas de funcionamiento establecidas por Facebook, Twitter, YouTube, LinkedIn, Instagram<\/p>\n<h3><span style=\"font-size: 16px;\">[\/vc_column_text][\/vc_column][\/vc_row]<\/span><\/h3>\n<\/div>","protected":false},"excerpt":{"rendered":"<p>[vc_row][vc_column][vc_column_text] MAJESTIC FOOTWEAR,S.L.U informa sobre su pol\u00edtica respecto del tratamiento y protecci\u00f3n de los datos de car\u00e1cter personal de los [&hellip;]<\/p>\n","protected":false},"author":1,"featured_media":0,"parent":0,"menu_order":0,"comment_status":"closed","ping_status":"closed","template":"","meta":{"_monsterinsights_skip_tracking":false,"_monsterinsights_sitenote_active":false,"_monsterinsights_sitenote_note":"","_monsterinsights_sitenote_category":0,"footnotes":""},"class_list":["post-7980","page","type-page","status-publish","hentry"],"aioseo_notices":[],"_links":{"self":[{"href":"https:\/\/gabarain.es\/es\/wp-json\/wp\/v2\/pages\/7980","targetHints":{"allow":["GET"]}}],"collection":[{"href":"https:\/\/gabarain.es\/es\/wp-json\/wp\/v2\/pages"}],"about":[{"href":"https:\/\/gabarain.es\/es\/wp-json\/wp\/v2\/types\/page"}],"author":[{"embeddable":true,"href":"https:\/\/gabarain.es\/es\/wp-json\/wp\/v2\/users\/1"}],"replies":[{"embeddable":true,"href":"https:\/\/gabarain.es\/es\/wp-json\/wp\/v2\/comments?post=7980"}],"version-history":[{"count":3,"href":"https:\/\/gabarain.es\/es\/wp-json\/wp\/v2\/pages\/7980\/revisions"}],"predecessor-version":[{"id":8001,"href":"https:\/\/gabarain.es\/es\/wp-json\/wp\/v2\/pages\/7980\/revisions\/8001"}],"wp:attachment":[{"href":"https:\/\/gabarain.es\/es\/wp-json\/wp\/v2\/media?parent=7980"}],"curies":[{"name":"wp","href":"https:\/\/api.w.org\/{rel}","templated":true}]}}