{"id":7991,"date":"2021-06-10T13:31:20","date_gmt":"2021-06-10T13:31:20","guid":{"rendered":"https:\/\/gabarain.es\/?page_id=7991"},"modified":"2021-06-10T13:31:56","modified_gmt":"2021-06-10T13:31:56","slug":"politica-de-cookies","status":"publish","type":"page","link":"https:\/\/gabarain.es\/es\/politica-de-cookies\/","title":{"rendered":"Pol\u00edtica de Cookies"},"content":{"rendered":"<div class=\"wpb-content-wrapper\"><p>[vc_row][vc_column][vc_column_text]<\/p>\n<h3>\u00bfQU\u00c9 ES UNA COOKIE Y PARA QU\u00c9 SIRVE?<\/h3>\n<p>Una cookie es un archivo de texto que se almacena en el ordenador o dispositivo m\u00f3vil con informaci\u00f3n sobre la navegaci\u00f3n y que permitir\u00e1 al sitio web recordar tus preferencias de navegaci\u00f3n y mejorar los servicios que te ofrecemos. La mayor\u00eda de las cookies se borran al finalizar la sesi\u00f3n de navegador, son las denominadas cookies de sesi\u00f3n y otras se almacenan y nos permiten reconocerte en tu siguiente visita, son las denominadas cookies<br \/>\npermanentes. Las cookies son esenciales para el funcionamiento de internet, aportando innumerables ventajas en la prestaci\u00f3n de servicios interactivos, facilit\u00e1ndote la navegaci\u00f3n y usabilidad de nuestra web. En ning\u00fan caso las cookies podr\u00edan da\u00f1ar tu equipo, ni son un tipo de spyware, ni spam, etc.<\/p>\n<p>&nbsp;<\/p>\n<h3>ESTE SITIO WEB UTILIZA LOS SIGUIENTES TIPOS DE COOKIES:<\/h3>\n<p>Cookies propias, que se env\u00edan a tu equipo desde nuestros propios equipos o dominios para prestarte el servicio que necesitas y Cookies de terceros, que son las que se env\u00edan a tu equipo desde un equipo o dominio ajeno a nosotros, como las usadas por redes sociales o Google Maps.<br \/>\nCookies t\u00e9cnicas, que son las necesarias para la navegaci\u00f3n y el buen funcionamiento de nuestra p\u00e1gina web. Tambi\u00e9n hacen posible al usuario poder compartir contenidos con miembros de una determinada red social, acceder a partes de acceso restringido o realizar el proceso de compra de un pedido.<br \/>\nCookies de sesi\u00f3n, que sirven para registrar los detalles de inicio de sesi\u00f3n para que en la pr\u00f3xima visita te resulte m\u00e1s f\u00e1cil acceder al \u00e1rea de cliente. Tambi\u00e9n sirven para garantizar la seguridad cuando inicies la sesi\u00f3n y ofrecer asistencia por chat de forma segura.<br \/>\nCookies persistentes, estas cookies sirven para facilitar los servicios de compra y registro, se almacenan en el disco duro y nuestra web las lee cada vez que realizas una nueva visita. Igualmente, estas cookies poseen una fecha de expiraci\u00f3n determinada y dejar\u00e1 de funcionar despu\u00e9s de esa fecha.<br \/>\nCookies de personalizaci\u00f3n, que recuerdan las caracter\u00edsticas seleccionadas en funci\u00f3n del idioma o el tipo de navegador a trav\u00e9s del cual se accede a la web, etc.<br \/>\nCookies de an\u00e1lisis de Google Analytics, que sirven para analizar estad\u00edsticamente la utilizaci\u00f3n que hacen los usuarios de los apartados de la web y los contenidos que les resultan m\u00e1s interesantes. De esta podemos mejorar las secciones m\u00e1s visitadas y hacer que el usuario las encuentre m\u00e1s f\u00e1cilmente.<\/p>\n<p>&nbsp;<\/p>\n<h3>CONSENTIMIENTO<\/h3>\n<p>Al aceptar las presentes condiciones consientes el uso de las cookies. Este sitio web s\u00f3lo utiliza aquellas estrictamente necesarias para su correcto funcionamiento y para realizar estad\u00edsticas de uso web, que en ning\u00fan caso hacen identificable al usuario. Nunca se guardar\u00e1n datos personales de nuestros usuarios, a excepci\u00f3n de la direcci\u00f3n IP, salvo que se haya registrado de forma voluntaria con el fin de realizar compras de los productos y servicios que ofrecemos.<\/p>\n<p>&nbsp;<\/p>\n<h3>\u00bfC\u00d3MO DESHABILITAR TUS COOKIES?<\/h3>\n<p>Si no habilitas las cookies, algunas funciones y p\u00e1ginas podr\u00edan no funcionar bien, pero siempre puedes acceder al men\u00fa de preferencias de tu navegador y configurarlo para que no se instalen, bloquearlas o eliminarlas si lo crees necesario.<\/p>\n<p>En los siguientes enlaces dispones de toda la informaci\u00f3n para configurar o deshabilitar tus cookies, dependiendo del navegador que utilices:<\/p>\n<p>&nbsp;<\/p>\n<p><strong>Google Chrome<\/strong> http:\/\/support.google.com\/chrome\/bin\/answer.py?hl=es&amp;answer=95647<br \/>\n<strong>Mozilla Firefox<\/strong> http:\/\/support.mozilla.org\/es\/kb\/habilitar-y-deshabilitar-cookies-que-los-sitios-we<br \/>\n<strong>Internet Explorer<\/strong> http:\/\/windows.microsoft.com\/es-es\/internet-explorer\/delete-manage-cookies#ie=ie-10<br \/>\n<strong>Safari<\/strong> https:\/\/support.apple.com\/kb\/ph17191?locale=es_ES<br \/>\n<strong>Safari para IOS (iPhone y iPad)<\/strong> https:\/\/support.apple.com\/kb\/ph17191?locale=es_ES<br \/>\n<strong>Chrome para Android<\/strong> http:\/\/support.google.com\/chrome\/bin\/answer.py?hl=es&amp;answer=95647[\/vc_column_text][\/vc_column][\/vc_row]<\/p>\n<\/div>","protected":false},"excerpt":{"rendered":"<p>[vc_row][vc_column][vc_column_text] \u00bfQU\u00c9 ES UNA COOKIE Y PARA QU\u00c9 SIRVE? Una cookie es un archivo de texto que se almacena en [&hellip;]<\/p>\n","protected":false},"author":1,"featured_media":0,"parent":0,"menu_order":0,"comment_status":"closed","ping_status":"closed","template":"","meta":{"_monsterinsights_skip_tracking":false,"_monsterinsights_sitenote_active":false,"_monsterinsights_sitenote_note":"","_monsterinsights_sitenote_category":0,"footnotes":""},"class_list":["post-7991","page","type-page","status-publish","hentry"],"aioseo_notices":[],"_links":{"self":[{"href":"https:\/\/gabarain.es\/es\/wp-json\/wp\/v2\/pages\/7991","targetHints":{"allow":["GET"]}}],"collection":[{"href":"https:\/\/gabarain.es\/es\/wp-json\/wp\/v2\/pages"}],"about":[{"href":"https:\/\/gabarain.es\/es\/wp-json\/wp\/v2\/types\/page"}],"author":[{"embeddable":true,"href":"https:\/\/gabarain.es\/es\/wp-json\/wp\/v2\/users\/1"}],"replies":[{"embeddable":true,"href":"https:\/\/gabarain.es\/es\/wp-json\/wp\/v2\/comments?post=7991"}],"version-history":[{"count":3,"href":"https:\/\/gabarain.es\/es\/wp-json\/wp\/v2\/pages\/7991\/revisions"}],"predecessor-version":[{"id":7996,"href":"https:\/\/gabarain.es\/es\/wp-json\/wp\/v2\/pages\/7991\/revisions\/7996"}],"wp:attachment":[{"href":"https:\/\/gabarain.es\/es\/wp-json\/wp\/v2\/media?parent=7991"}],"curies":[{"name":"wp","href":"https:\/\/api.w.org\/{rel}","templated":true}]}}